{"id":10889,"date":"2014-10-11T15:00:50","date_gmt":"2014-10-11T13:00:50","guid":{"rendered":"http:\/\/theme-fusion.com\/avada_demos\/portfolio\/?page_id=10889"},"modified":"2015-05-29T17:10:42","modified_gmt":"2015-05-29T15:10:42","slug":"about","status":"publish","type":"page","link":"https:\/\/coralwonders.com\/?page_id=10889","title":{"rendered":"About"},"content":{"rendered":"","protected":false},"excerpt":{"rendered":"","protected":false},"author":1,"featured_media":0,"parent":0,"menu_order":4,"comment_status":"closed","ping_status":"closed","template":"100-width.php","meta":{"_monsterinsights_skip_tracking":false,"_monsterinsights_sitenote_active":false,"_monsterinsights_sitenote_note":"","_monsterinsights_sitenote_category":0,"ngg_post_thumbnail":0,"footnotes":""},"class_list":["post-10889","page","type-page","status-publish","hentry"],"yoast_head":"<!-- This site is optimized with the Yoast SEO plugin v27.0 - https:\/\/yoast.com\/product\/yoast-seo-wordpress\/ -->\n<title>About - Blog Coral Wonders<\/title>\n<meta name=\"description\" content=\"Coral Wonders, el blog donde descubrir\u00e1s las \u00faltimas noticias y aprender\u00e1s las principales t\u00e9cnicas para disfrutar de tu acuario marino.\" \/>\n<meta name=\"robots\" content=\"index, follow, max-snippet:-1, max-image-preview:large, max-video-preview:-1\" \/>\n<link rel=\"canonical\" href=\"https:\/\/coralwonders.com\/?page_id=10889\" \/>\n<meta property=\"og:locale\" content=\"es_ES\" \/>\n<meta property=\"og:type\" content=\"article\" \/>\n<meta property=\"og:title\" content=\"About - Blog Coral Wonders\" \/>\n<meta property=\"og:description\" content=\"Coral Wonders, el blog donde descubrir\u00e1s las \u00faltimas noticias y aprender\u00e1s las principales t\u00e9cnicas para disfrutar de tu acuario marino.\" \/>\n<meta property=\"og:url\" content=\"https:\/\/coralwonders.com\/?page_id=10889\" \/>\n<meta property=\"og:site_name\" content=\"Blog Coral Wonders\" \/>\n<meta property=\"article:modified_time\" content=\"2015-05-29T15:10:42+00:00\" \/>\n<meta name=\"twitter:card\" content=\"summary_large_image\" \/>\n<script type=\"application\/ld+json\" class=\"yoast-schema-graph\">{\"@context\":\"https:\/\/schema.org\",\"@graph\":[{\"@type\":\"WebPage\",\"@id\":\"https:\/\/coralwonders.com\/?page_id=10889\",\"url\":\"https:\/\/coralwonders.com\/?page_id=10889\",\"name\":\"About - Blog Coral Wonders\",\"isPartOf\":{\"@id\":\"https:\/\/coralwonders.com\/#website\"},\"datePublished\":\"2014-10-11T13:00:50+00:00\",\"dateModified\":\"2015-05-29T15:10:42+00:00\",\"description\":\"Coral Wonders, el blog donde descubrir\u00e1s las \u00faltimas noticias y aprender\u00e1s las principales t\u00e9cnicas para disfrutar de tu acuario marino.\",\"breadcrumb\":{\"@id\":\"https:\/\/coralwonders.com\/?page_id=10889#breadcrumb\"},\"inLanguage\":\"es\",\"potentialAction\":[{\"@type\":\"ReadAction\",\"target\":[\"https:\/\/coralwonders.com\/?page_id=10889\"]}]},{\"@type\":\"BreadcrumbList\",\"@id\":\"https:\/\/coralwonders.com\/?page_id=10889#breadcrumb\",\"itemListElement\":[{\"@type\":\"ListItem\",\"position\":1,\"name\":\"Home\",\"item\":\"https:\/\/coralwonders.com\/\"},{\"@type\":\"ListItem\",\"position\":2,\"name\":\"[es] About\"}]},{\"@type\":\"WebSite\",\"@id\":\"https:\/\/coralwonders.com\/#website\",\"url\":\"https:\/\/coralwonders.com\/\",\"name\":\"Blog Coral Wonders\",\"description\":\"Let&#039;s talk about sea life\",\"potentialAction\":[{\"@type\":\"SearchAction\",\"target\":{\"@type\":\"EntryPoint\",\"urlTemplate\":\"https:\/\/coralwonders.com\/?s={search_term_string}\"},\"query-input\":{\"@type\":\"PropertyValueSpecification\",\"valueRequired\":true,\"valueName\":\"search_term_string\"}}],\"inLanguage\":\"es\"}]}<\/script>\n<!-- \/ Yoast SEO plugin. -->","yoast_head_json":{"title":"About - Blog Coral Wonders","description":"Coral Wonders, el blog donde descubrir\u00e1s las \u00faltimas noticias y aprender\u00e1s las principales t\u00e9cnicas para disfrutar de tu acuario marino.","robots":{"index":"index","follow":"follow","max-snippet":"max-snippet:-1","max-image-preview":"max-image-preview:large","max-video-preview":"max-video-preview:-1"},"canonical":"https:\/\/coralwonders.com\/?page_id=10889","og_locale":"es_ES","og_type":"article","og_title":"About - Blog Coral Wonders","og_description":"Coral Wonders, el blog donde descubrir\u00e1s las \u00faltimas noticias y aprender\u00e1s las principales t\u00e9cnicas para disfrutar de tu acuario marino.","og_url":"https:\/\/coralwonders.com\/?page_id=10889","og_site_name":"Blog Coral Wonders","article_modified_time":"2015-05-29T15:10:42+00:00","twitter_card":"summary_large_image","schema":{"@context":"https:\/\/schema.org","@graph":[{"@type":"WebPage","@id":"https:\/\/coralwonders.com\/?page_id=10889","url":"https:\/\/coralwonders.com\/?page_id=10889","name":"About - Blog Coral Wonders","isPartOf":{"@id":"https:\/\/coralwonders.com\/#website"},"datePublished":"2014-10-11T13:00:50+00:00","dateModified":"2015-05-29T15:10:42+00:00","description":"Coral Wonders, el blog donde descubrir\u00e1s las \u00faltimas noticias y aprender\u00e1s las principales t\u00e9cnicas para disfrutar de tu acuario marino.","breadcrumb":{"@id":"https:\/\/coralwonders.com\/?page_id=10889#breadcrumb"},"inLanguage":"es","potentialAction":[{"@type":"ReadAction","target":["https:\/\/coralwonders.com\/?page_id=10889"]}]},{"@type":"BreadcrumbList","@id":"https:\/\/coralwonders.com\/?page_id=10889#breadcrumb","itemListElement":[{"@type":"ListItem","position":1,"name":"Home","item":"https:\/\/coralwonders.com\/"},{"@type":"ListItem","position":2,"name":"[es] About"}]},{"@type":"WebSite","@id":"https:\/\/coralwonders.com\/#website","url":"https:\/\/coralwonders.com\/","name":"Blog Coral Wonders","description":"Let&#039;s talk about sea life","potentialAction":[{"@type":"SearchAction","target":{"@type":"EntryPoint","urlTemplate":"https:\/\/coralwonders.com\/?s={search_term_string}"},"query-input":{"@type":"PropertyValueSpecification","valueRequired":true,"valueName":"search_term_string"}}],"inLanguage":"es"}]}},"_links":{"self":[{"href":"https:\/\/coralwonders.com\/index.php?rest_route=\/wp\/v2\/pages\/10889","targetHints":{"allow":["GET"]}}],"collection":[{"href":"https:\/\/coralwonders.com\/index.php?rest_route=\/wp\/v2\/pages"}],"about":[{"href":"https:\/\/coralwonders.com\/index.php?rest_route=\/wp\/v2\/types\/page"}],"author":[{"embeddable":true,"href":"https:\/\/coralwonders.com\/index.php?rest_route=\/wp\/v2\/users\/1"}],"replies":[{"embeddable":true,"href":"https:\/\/coralwonders.com\/index.php?rest_route=%2Fwp%2Fv2%2Fcomments&post=10889"}],"version-history":[{"count":0,"href":"https:\/\/coralwonders.com\/index.php?rest_route=\/wp\/v2\/pages\/10889\/revisions"}],"wp:attachment":[{"href":"https:\/\/coralwonders.com\/index.php?rest_route=%2Fwp%2Fv2%2Fmedia&parent=10889"}],"curies":[{"name":"wp","href":"https:\/\/api.w.org\/{rel}","templated":true}]}}